{"id":1794,"date":"2022-11-17T08:45:19","date_gmt":"2022-11-17T07:45:19","guid":{"rendered":"https:\/\/caravanstalling-spanje.com\/politica-de-privacidad\/"},"modified":"2023-11-16T13:28:30","modified_gmt":"2023-11-16T12:28:30","slug":"politica-de-privacidad","status":"publish","type":"page","link":"https:\/\/caravanstalling-spanje.com\/es\/politica-de-privacidad\/","title":{"rendered":"Pol\u00edtica de privacidad"},"content":{"rendered":"\t\t<div data-elementor-type=\"wp-page\" data-elementor-id=\"1794\" class=\"elementor elementor-1794 elementor-3\" data-elementor-post-type=\"page\">\n\t\t\t\t<div class=\"elementor-element elementor-element-363af65 e-flex e-con-boxed e-con e-parent\" data-id=\"363af65\" data-element_type=\"container\" data-e-type=\"container\">\n\t\t\t\t\t<div class=\"e-con-inner\">\n\t\t<div class=\"elementor-element elementor-element-579af49 e-con-full e-flex e-con e-child\" data-id=\"579af49\" data-element_type=\"container\" data-e-type=\"container\">\n\t\t\t\t<div class=\"elementor-element elementor-element-2a3f9a9 elementor-widget elementor-widget-heading\" data-id=\"2a3f9a9\" data-element_type=\"widget\" data-e-type=\"widget\" data-widget_type=\"heading.default\">\n\t\t\t\t<div class=\"elementor-widget-container\">\n\t\t\t\t\t<h2 class=\"elementor-heading-title elementor-size-default\">pol\u00edtica de privacidad de Caravan Storage Spain S.L.<\/h2>\t\t\t\t<\/div>\n\t\t\t\t<\/div>\n\t\t\t\t<div class=\"elementor-element elementor-element-dc584d4 elementor-widget__width-initial elementor-widget elementor-widget-text-editor\" data-id=\"dc584d4\" data-element_type=\"widget\" data-e-type=\"widget\" data-widget_type=\"text-editor.default\">\n\t\t\t\t<div class=\"elementor-widget-container\">\n\t\t\t\t\t\t\t\t\t<p><strong>1) Protecci\u00f3n de la intimidad<\/strong><\/p>\n<p>Salvaguardar la privacidad de los visitantes de https:\/\/caravanstalling-spanje.com es una tarea importante para nosotros. Por ello, en nuestra pol\u00edtica de privacidad describimos qu\u00e9 informaci\u00f3n recogemos y c\u00f3mo la utilizamos.<\/p>\n<p><strong>2) Consentimiento<\/strong><\/p>\n<p>Al utilizar la informaci\u00f3n y los servicios de https:\/\/caravanstalling-spanje.com, usted acepta nuestra pol\u00edtica de privacidad y los t\u00e9rminos y condiciones contenidos en ella;<\/p>\n<p><strong>3) Preguntas<\/strong><\/p>\n<p>Si desea recibir m\u00e1s informaci\u00f3n o tiene alguna pregunta sobre la pol\u00edtica de privacidad de Caravan Storage Spain S.L. y, en particular, sobre https:\/\/caravanstalling-spanje.com, p\u00f3ngase en contacto con nosotros a trav\u00e9s del correo electr\u00f3nico. Nuestra direcci\u00f3n de correo electr\u00f3nico es info@caravanstalling-spanje.com.<\/p>\n<p><strong>4) Seguimiento del comportamiento de los visitantes<\/strong><\/p>\n<p>https:\/\/caravanstalling-spanje.com utiliza diversas t\u00e9cnicas para rastrear qui\u00e9n visita el sitio web, c\u00f3mo se comporta este visitante en el sitio web y qu\u00e9 p\u00e1ginas visita. Se trata de una pr\u00e1ctica habitual en los sitios web, ya que proporciona informaci\u00f3n que contribuye a la calidad de la experiencia del usuario. De informatie die we via cookies registreren, omvat IP-adressen, browsertype en bezochte pagina\u2019s.La informaci\u00f3n que registramos a trav\u00e9s de las cookies incluye direcciones IP, tipo de navegador y p\u00e1ginas visitadas.<\/p>\n<p>Tambi\u00e9n rastreamos d\u00f3nde visitan el sitio web por primera vez los visitantes y desde qu\u00e9 p\u00e1gina lo abandonan. Mantenemos esta informaci\u00f3n an\u00f3nima y no la vinculamos a ning\u00fan otro dato personal.<\/p>\n<p><strong>5) Uso de cookies<\/strong><\/p>\n<p>https:\/\/caravanstalling-spanje.com coloca cookies a los visitantes. Lo hacemos para recopilar informaci\u00f3n sobre las p\u00e1ginas que los usuarios visitan en nuestro sitio web, para saber con qu\u00e9 frecuencia vuelven los visitantes y para ver qu\u00e9 p\u00e1ginas funcionan bien en el sitio web. Tambi\u00e9n hacemos un seguimiento de la informaci\u00f3n que comparte el navegador.<\/p>\n<p><strong>6) Deshabilitar las cookies<\/strong><\/p>\n<p>Puede desactivar las cookies. Para ello, utilice las opciones de su navegador. Encontrar\u00e1 m\u00e1s informaci\u00f3n sobre estas opciones en el sitio web del proveedor de su navegador.<\/p>\n<p><strong>7) Cookies de terceros<\/strong><\/p>\n<p>Es posible que terceros, como Google, se anuncien en nuestro sitio web o que utilicemos otro servicio. Para ello, estos terceros colocan cookies en algunos casos. Estas cookies no pueden verse afectadas por https:\/\/caravanstalling-spanje.com.<\/p>\t\t\t\t\t\t\t\t<\/div>\n\t\t\t\t<\/div>\n\t\t\t\t<div class=\"elementor-element elementor-element-c958e47 elementor-align-center elementor-widget elementor-widget-button\" data-id=\"c958e47\" data-element_type=\"widget\" data-e-type=\"widget\" data-widget_type=\"button.default\">\n\t\t\t\t<div class=\"elementor-widget-container\">\n\t\t\t\t\t\t\t\t\t<div class=\"elementor-button-wrapper\">\n\t\t\t\t\t<a class=\"elementor-button elementor-button-link elementor-size-sm\" href=\"https:\/\/caravanstalling-spanje.com\/es\/sobre-nosotros\/\">\n\t\t\t\t\t\t<span class=\"elementor-button-content-wrapper\">\n\t\t\t\t\t\t\t\t\t<span class=\"elementor-button-text\">Cont\u00e1ctanos<\/span>\n\t\t\t\t\t<\/span>\n\t\t\t\t\t<\/a>\n\t\t\t\t<\/div>\n\t\t\t\t\t\t\t\t<\/div>\n\t\t\t\t<\/div>\n\t\t\t\t<\/div>\n\t\t\t\t\t<\/div>\n\t\t\t\t<\/div>\n\t\t\t\t<\/div>\n\t\t","protected":false},"excerpt":{"rendered":"<p>pol\u00edtica de privacidad de Caravan Storage Spain S.L. 1) Protecci\u00f3n de la intimidad Salvaguardar la privacidad de los visitantes de https:\/\/caravanstalling-spanje.com es una tarea importante para nosotros. Por ello, en nuestra pol\u00edtica de privacidad describimos qu\u00e9 informaci\u00f3n recogemos y c\u00f3mo la utilizamos. 2) Consentimiento Al utilizar la informaci\u00f3n y los servicios de https:\/\/caravanstalling-spanje.com, usted acepta [&hellip;]<\/p>\n","protected":false},"author":2,"featured_media":0,"parent":0,"menu_order":0,"comment_status":"closed","ping_status":"closed","template":"","meta":{"_acf_changed":false,"footnotes":""},"class_list":["post-1794","page","type-page","status-publish","hentry"],"acf":[],"_links":{"self":[{"href":"https:\/\/caravanstalling-spanje.com\/es\/wp-json\/wp\/v2\/pages\/1794","targetHints":{"allow":["GET"]}}],"collection":[{"href":"https:\/\/caravanstalling-spanje.com\/es\/wp-json\/wp\/v2\/pages"}],"about":[{"href":"https:\/\/caravanstalling-spanje.com\/es\/wp-json\/wp\/v2\/types\/page"}],"author":[{"embeddable":true,"href":"https:\/\/caravanstalling-spanje.com\/es\/wp-json\/wp\/v2\/users\/2"}],"replies":[{"embeddable":true,"href":"https:\/\/caravanstalling-spanje.com\/es\/wp-json\/wp\/v2\/comments?post=1794"}],"version-history":[{"count":0,"href":"https:\/\/caravanstalling-spanje.com\/es\/wp-json\/wp\/v2\/pages\/1794\/revisions"}],"wp:attachment":[{"href":"https:\/\/caravanstalling-spanje.com\/es\/wp-json\/wp\/v2\/media?parent=1794"}],"curies":[{"name":"wp","href":"https:\/\/api.w.org\/{rel}","templated":true}]}}