{"id":1788,"date":"2023-03-21T11:53:17","date_gmt":"2023-03-21T10:53:17","guid":{"rendered":"https:\/\/caravanstalling-spanje.com\/sobre-nosotros\/"},"modified":"2023-11-09T15:57:47","modified_gmt":"2023-11-09T14:57:47","slug":"sobre-nosotros","status":"publish","type":"page","link":"https:\/\/caravanstalling-spanje.com\/es\/sobre-nosotros\/","title":{"rendered":"Sobre nosotros"},"content":{"rendered":"\t\t<div data-elementor-type=\"wp-page\" data-elementor-id=\"1788\" class=\"elementor elementor-1788 elementor-31\" data-elementor-post-type=\"page\">\n\t\t\t\t<div class=\"elementor-element elementor-element-ac523cb e-con-full e-flex e-con e-parent\" data-id=\"ac523cb\" data-element_type=\"container\" data-e-type=\"container\">\n\t\t<div class=\"elementor-element elementor-element-486bc68 e-flex e-con-boxed e-con e-child\" data-id=\"486bc68\" data-element_type=\"container\" data-e-type=\"container\" data-settings=\"{&quot;background_background&quot;:&quot;classic&quot;}\">\n\t\t\t\t\t<div class=\"e-con-inner\">\n\t\t<div class=\"elementor-element elementor-element-87bc28c e-flex e-con-boxed e-con e-child\" data-id=\"87bc28c\" data-element_type=\"container\" data-e-type=\"container\">\n\t\t\t\t\t<div class=\"e-con-inner\">\n\t\t\t\t<div class=\"elementor-element elementor-element-75562d7 elementor-widget elementor-widget-heading\" data-id=\"75562d7\" data-element_type=\"widget\" data-e-type=\"widget\" data-widget_type=\"heading.default\">\n\t\t\t\t<div class=\"elementor-widget-container\">\n\t\t\t\t\t<h1 class=\"elementor-heading-title elementor-size-default\">Over ons<\/h1>\t\t\t\t<\/div>\n\t\t\t\t<\/div>\n\t\t\t\t<div class=\"elementor-element elementor-element-06f7cbe elementor-widget elementor-widget-shortcode\" data-id=\"06f7cbe\" data-element_type=\"widget\" data-e-type=\"widget\" data-widget_type=\"shortcode.default\">\n\t\t\t\t<div class=\"elementor-widget-container\">\n\t\t\t\t\t\t\t<div class=\"elementor-shortcode\"><nav aria-label=\"breadcrumbs\" class=\"rank-math-breadcrumb\"><p><span class=\"last\">Home<\/span><\/p><\/nav><\/div>\n\t\t\t\t\t\t<\/div>\n\t\t\t\t<\/div>\n\t\t\t\t\t<\/div>\n\t\t\t\t<\/div>\n\t\t\t\t\t<\/div>\n\t\t\t\t<\/div>\n\t\t\t\t<\/div>\n\t\t\t\t<section class=\"elementor-section elementor-top-section elementor-element elementor-element-e47cfc4 elementor-section-boxed elementor-section-height-default elementor-section-height-default\" data-id=\"e47cfc4\" data-element_type=\"section\" data-e-type=\"section\" data-settings=\"{&quot;background_background&quot;:&quot;classic&quot;}\">\n\t\t\t\t\t\t<div class=\"elementor-container elementor-column-gap-wider\">\n\t\t\t\t\t<div class=\"elementor-column elementor-col-50 elementor-top-column elementor-element elementor-element-325bdfd\" data-id=\"325bdfd\" data-element_type=\"column\" data-e-type=\"column\">\n\t\t\t<div class=\"elementor-widget-wrap elementor-element-populated\">\n\t\t\t\t\t\t<div class=\"elementor-element elementor-element-df5ade1 elementor-widget elementor-widget-heading\" data-id=\"df5ade1\" data-element_type=\"widget\" data-e-type=\"widget\" data-widget_type=\"heading.default\">\n\t\t\t\t<div class=\"elementor-widget-container\">\n\t\t\t\t\t<h3 class=\"elementor-heading-title elementor-size-default\">Por qu\u00e9 elegir <br>Caravanstorage Spain?<\/h3>\t\t\t\t<\/div>\n\t\t\t\t<\/div>\n\t\t\t\t<div class=\"elementor-element elementor-element-f84a8a2 elementor-widget elementor-widget-text-editor\" data-id=\"f84a8a2\" data-element_type=\"widget\" data-e-type=\"widget\" data-widget_type=\"text-editor.default\">\n\t\t\t\t<div class=\"elementor-widget-container\">\n\t\t\t\t\t\t\t\t\t<div class=\"et_pb_module et_pb_text et_pb_text_1 et_pb_text_align_left et_pb_bg_layout_light\">\n<div class=\"et_pb_text_inner\">\n<div class=\"et_pb_module et_pb_text et_pb_text_10 et_pb_text_align_left et_pb_bg_layout_light\">\n<div class=\"et_pb_text_inner\">\n<p>Contamos con personal que se preocupa por su segunda residencia tanto como usted. Podemos ayudarle a mantener su caravana y autocaravana y garantizarle una larga vida \u00fatil.<\/p>\n<\/div>\n<\/div>\n<p>Todos nuestros centros est\u00e1n protegidos por Securitas Direct y equipados con sistemas avanzados de c\u00e1maras y alarma. Adem\u00e1s, su caravana est\u00e1 asegurada de serie en nuestras instalaciones de almacenamiento.<\/p>\n<p>Durante la temporada, trabajamos con un total de unos 12 empleados y una flota de siete unidades para entregar y recoger todas las caravanas en el camping a horas fijas.<\/p>\n<p>Nuestra actual base de clientes satisfechos nos motiva a diario para mantener nuestro servicio al cliente a un alto nivel.<\/p>\n<p>Confiamos en ofrecer el mismo nivel de servicio a los nuevos clientes. <\/p>\n<\/div>\n<\/div>\n\t\t\t\t\t\t\t\t<\/div>\n\t\t\t\t<\/div>\n\t\t\t\t\t<\/div>\n\t\t<\/div>\n\t\t\t\t<div class=\"elementor-column elementor-col-50 elementor-top-column elementor-element elementor-element-04df7fb\" data-id=\"04df7fb\" data-element_type=\"column\" data-e-type=\"column\">\n\t\t\t<div class=\"elementor-widget-wrap elementor-element-populated\">\n\t\t\t\t\t\t<div class=\"elementor-element elementor-element-0bf28f7 elementor-widget elementor-widget-image\" data-id=\"0bf28f7\" data-element_type=\"widget\" data-e-type=\"widget\" data-widget_type=\"image.default\">\n\t\t\t\t<div class=\"elementor-widget-container\">\n\t\t\t\t\t\t\t\t\t\t\t\t\t\t\t<img fetchpriority=\"high\" decoding=\"async\" width=\"800\" height=\"389\" src=\"https:\/\/caravanstalling-spanje.com\/wp-content\/uploads\/2023\/03\/4-johan-and-vinnie-with-work-van-1024x498.jpg\" class=\"attachment-large size-large wp-image-1477\" alt=\"\" srcset=\"https:\/\/caravanstalling-spanje.com\/wp-content\/uploads\/2023\/03\/4-johan-and-vinnie-with-work-van-1024x498.jpg 1024w, https:\/\/caravanstalling-spanje.com\/wp-content\/uploads\/2023\/03\/4-johan-and-vinnie-with-work-van-600x292.jpg 600w, https:\/\/caravanstalling-spanje.com\/wp-content\/uploads\/2023\/03\/4-johan-and-vinnie-with-work-van-300x146.jpg 300w, https:\/\/caravanstalling-spanje.com\/wp-content\/uploads\/2023\/03\/4-johan-and-vinnie-with-work-van-768x373.jpg 768w, https:\/\/caravanstalling-spanje.com\/wp-content\/uploads\/2023\/03\/4-johan-and-vinnie-with-work-van-1536x747.jpg 1536w, https:\/\/caravanstalling-spanje.com\/wp-content\/uploads\/2023\/03\/4-johan-and-vinnie-with-work-van.jpg 2016w\" sizes=\"(max-width: 800px) 100vw, 800px\" \/>\t\t\t\t\t\t\t\t\t\t\t\t\t\t\t<\/div>\n\t\t\t\t<\/div>\n\t\t\t\t\t<\/div>\n\t\t<\/div>\n\t\t\t\t\t<\/div>\n\t\t<\/section>\n\t\t\t\t<section class=\"elementor-section elementor-top-section elementor-element elementor-element-3ce61a5 elementor-section-boxed elementor-section-height-default elementor-section-height-default\" data-id=\"3ce61a5\" data-element_type=\"section\" data-e-type=\"section\" data-settings=\"{&quot;background_background&quot;:&quot;classic&quot;}\">\n\t\t\t\t\t\t\t<div class=\"elementor-background-overlay\"><\/div>\n\t\t\t\t\t\t\t<div class=\"elementor-container elementor-column-gap-default\">\n\t\t\t\t\t<div class=\"elementor-column elementor-col-100 elementor-top-column elementor-element elementor-element-8ade791\" data-id=\"8ade791\" data-element_type=\"column\" data-e-type=\"column\">\n\t\t\t<div class=\"elementor-widget-wrap elementor-element-populated\">\n\t\t\t\t\t\t<div class=\"elementor-element elementor-element-7cddd39 elementor-widget elementor-widget-heading\" data-id=\"7cddd39\" data-element_type=\"widget\" data-e-type=\"widget\" data-widget_type=\"heading.default\">\n\t\t\t\t<div class=\"elementor-widget-container\">\n\t\t\t\t\t<h2 class=\"elementor-heading-title elementor-size-default\">M\u00e1s que un almac\u00e9n de caravanas<\/h2>\t\t\t\t<\/div>\n\t\t\t\t<\/div>\n\t\t\t\t<div class=\"elementor-element elementor-element-bb29ba9 elementor-widget elementor-widget-text-editor\" data-id=\"bb29ba9\" data-element_type=\"widget\" data-e-type=\"widget\" data-widget_type=\"text-editor.default\">\n\t\t\t\t<div class=\"elementor-widget-container\">\n\t\t\t\t\t\t\t\t\t<div class=\"et_pb_module et_pb_text et_pb_text_1 et_pb_text_align_left et_pb_bg_layout_light\">\n<div class=\"et_pb_text_inner\">\n<p>Caravanstalling Spanje est\u00e1 orgullosa de su oferta de actividades. Adem\u00e1s de almacenamiento al aire libre, ofrecemos plazas de aparcamiento cubiertas para caravanas, tiendas remolque, autocaravanas y barcos. Adem\u00e1s de estabular su caravana, tambi\u00e9n nos ocupamos de ella durante todo el a\u00f1o.<\/p>\n<\/div>\n<\/div>\n<div class=\"et_pb_module et_pb_text et_pb_text_2 et_pb_text_align_left et_pb_bg_layout_light\">\n<div class=\"et_pb_text_inner\">\n<p>Cada 2 semanas, se revisan todas las caravanas para comprobar si han sufrido da\u00f1os debido a las condiciones meteorol\u00f3gicas. Adem\u00e1s, todas las caravanas se someten a una inspecci\u00f3n t\u00e9cnica anual. Disponemos de un garaje bien equipado donde podemos ocuparnos de todas las reparaciones de las caravanas. Adem\u00e1s de aspectos t\u00e9cnicos como neum\u00e1ticos, frenos e iluminaci\u00f3n, tambi\u00e9n reparamos el interior y el exterior de su caravana. Tambi\u00e9n prestamos atenci\u00f3n al aspecto y la higiene de su caravana. Adem\u00e1s de limpiar a vapor y encerar el exterior de su caravana, tambi\u00e9n realizamos una limpieza a fondo del interior. <\/p>\n<\/div>\n<\/div>\n\t\t\t\t\t\t\t\t<\/div>\n\t\t\t\t<\/div>\n\t\t\t\t<section class=\"elementor-section elementor-inner-section elementor-element elementor-element-9a33d1d elementor-hidden-mobile elementor-section-boxed elementor-section-height-default elementor-section-height-default\" data-id=\"9a33d1d\" data-element_type=\"section\" data-e-type=\"section\">\n\t\t\t\t\t\t<div class=\"elementor-container elementor-column-gap-default\">\n\t\t\t\t\t<div class=\"elementor-column elementor-col-50 elementor-inner-column elementor-element elementor-element-4f90f79\" data-id=\"4f90f79\" data-element_type=\"column\" data-e-type=\"column\">\n\t\t\t<div class=\"elementor-widget-wrap elementor-element-populated\">\n\t\t\t\t\t\t<div class=\"elementor-element elementor-element-9639148 elementor-align-right elementor-widget elementor-widget-button\" data-id=\"9639148\" data-element_type=\"widget\" data-e-type=\"widget\" data-widget_type=\"button.default\">\n\t\t\t\t<div class=\"elementor-widget-container\">\n\t\t\t\t\t\t\t\t\t<div class=\"elementor-button-wrapper\">\n\t\t\t\t\t<a class=\"elementor-button elementor-button-link elementor-size-sm\" href=\"https:\/\/caravanstalling-spanje.com\/es\/sobre-nosotros\/\">\n\t\t\t\t\t\t<span class=\"elementor-button-content-wrapper\">\n\t\t\t\t\t\t\t\t\t<span class=\"elementor-button-text\">Onze diensten<\/span>\n\t\t\t\t\t<\/span>\n\t\t\t\t\t<\/a>\n\t\t\t\t<\/div>\n\t\t\t\t\t\t\t\t<\/div>\n\t\t\t\t<\/div>\n\t\t\t\t\t<\/div>\n\t\t<\/div>\n\t\t\t\t<div class=\"elementor-column elementor-col-50 elementor-inner-column elementor-element elementor-element-6b706b6\" data-id=\"6b706b6\" data-element_type=\"column\" data-e-type=\"column\">\n\t\t\t<div class=\"elementor-widget-wrap elementor-element-populated\">\n\t\t\t\t\t\t<div class=\"elementor-element elementor-element-3c1fa78 elementor-align-left elementor-widget elementor-widget-button\" data-id=\"3c1fa78\" data-element_type=\"widget\" data-e-type=\"widget\" data-widget_type=\"button.default\">\n\t\t\t\t<div class=\"elementor-widget-container\">\n\t\t\t\t\t\t\t\t\t<div class=\"elementor-button-wrapper\">\n\t\t\t\t\t<a class=\"elementor-button elementor-button-link elementor-size-sm\" href=\"https:\/\/caravanstalling-spanje.com\/es\/sobre-nosotros\/\">\n\t\t\t\t\t\t<span class=\"elementor-button-content-wrapper\">\n\t\t\t\t\t\t\t\t\t<span class=\"elementor-button-text\">Contact opnemen<\/span>\n\t\t\t\t\t<\/span>\n\t\t\t\t\t<\/a>\n\t\t\t\t<\/div>\n\t\t\t\t\t\t\t\t<\/div>\n\t\t\t\t<\/div>\n\t\t\t\t\t<\/div>\n\t\t<\/div>\n\t\t\t\t\t<\/div>\n\t\t<\/section>\n\t\t\t\t\t<\/div>\n\t\t<\/div>\n\t\t\t\t\t<\/div>\n\t\t<\/section>\n\t\t\t\t<\/div>\n\t\t","protected":false},"excerpt":{"rendered":"<p>Over ons Por qu\u00e9 elegir Caravanstorage Spain? Contamos con personal que se preocupa por su segunda residencia tanto como usted. Podemos ayudarle a mantener su caravana y autocaravana y garantizarle una larga vida \u00fatil. Todos nuestros centros est\u00e1n protegidos por Securitas Direct y equipados con sistemas avanzados de c\u00e1maras y alarma. Adem\u00e1s, su caravana est\u00e1 [&hellip;]<\/p>\n","protected":false},"author":2,"featured_media":0,"parent":0,"menu_order":0,"comment_status":"closed","ping_status":"closed","template":"","meta":{"_acf_changed":false,"footnotes":""},"class_list":["post-1788","page","type-page","status-publish","hentry"],"acf":[],"_links":{"self":[{"href":"https:\/\/caravanstalling-spanje.com\/es\/wp-json\/wp\/v2\/pages\/1788","targetHints":{"allow":["GET"]}}],"collection":[{"href":"https:\/\/caravanstalling-spanje.com\/es\/wp-json\/wp\/v2\/pages"}],"about":[{"href":"https:\/\/caravanstalling-spanje.com\/es\/wp-json\/wp\/v2\/types\/page"}],"author":[{"embeddable":true,"href":"https:\/\/caravanstalling-spanje.com\/es\/wp-json\/wp\/v2\/users\/2"}],"replies":[{"embeddable":true,"href":"https:\/\/caravanstalling-spanje.com\/es\/wp-json\/wp\/v2\/comments?post=1788"}],"version-history":[{"count":0,"href":"https:\/\/caravanstalling-spanje.com\/es\/wp-json\/wp\/v2\/pages\/1788\/revisions"}],"wp:attachment":[{"href":"https:\/\/caravanstalling-spanje.com\/es\/wp-json\/wp\/v2\/media?parent=1788"}],"curies":[{"name":"wp","href":"https:\/\/api.w.org\/{rel}","templated":true}]}}