{"id":1772,"date":"2023-03-21T11:53:17","date_gmt":"2023-03-21T10:53:17","guid":{"rendered":"https:\/\/caravanstalling-spanje.com\/servicios\/"},"modified":"2023-11-09T12:38:47","modified_gmt":"2023-11-09T11:38:47","slug":"servicios","status":"publish","type":"page","link":"https:\/\/caravanstalling-spanje.com\/es\/servicios\/","title":{"rendered":"Servicios"},"content":{"rendered":"\t\t<div data-elementor-type=\"wp-page\" data-elementor-id=\"1772\" class=\"elementor elementor-1772 elementor-32\" data-elementor-post-type=\"page\">\n\t\t\t\t<div class=\"elementor-element elementor-element-ea45e51 e-con-full e-flex e-con e-parent\" data-id=\"ea45e51\" data-element_type=\"container\" data-e-type=\"container\">\n\t\t<div class=\"elementor-element elementor-element-6c0ffb4 e-flex e-con-boxed e-con e-child\" data-id=\"6c0ffb4\" data-element_type=\"container\" data-e-type=\"container\" data-settings=\"{&quot;background_background&quot;:&quot;classic&quot;}\">\n\t\t\t\t\t<div class=\"e-con-inner\">\n\t\t<div class=\"elementor-element elementor-element-71d4fde e-flex e-con-boxed e-con e-child\" data-id=\"71d4fde\" data-element_type=\"container\" data-e-type=\"container\">\n\t\t\t\t\t<div class=\"e-con-inner\">\n\t\t\t\t<div class=\"elementor-element elementor-element-b8ca994 elementor-widget elementor-widget-heading\" data-id=\"b8ca994\" data-element_type=\"widget\" data-e-type=\"widget\" data-widget_type=\"heading.default\">\n\t\t\t\t<div class=\"elementor-widget-container\">\n\t\t\t\t\t<h1 class=\"elementor-heading-title elementor-size-default\">Diensten<\/h1>\t\t\t\t<\/div>\n\t\t\t\t<\/div>\n\t\t\t\t<div class=\"elementor-element elementor-element-13ff63b elementor-widget elementor-widget-shortcode\" data-id=\"13ff63b\" data-element_type=\"widget\" data-e-type=\"widget\" data-widget_type=\"shortcode.default\">\n\t\t\t\t<div class=\"elementor-widget-container\">\n\t\t\t\t\t\t\t<div class=\"elementor-shortcode\"><nav aria-label=\"breadcrumbs\" class=\"rank-math-breadcrumb\"><p><span class=\"last\">Home<\/span><\/p><\/nav><\/div>\n\t\t\t\t\t\t<\/div>\n\t\t\t\t<\/div>\n\t\t\t\t\t<\/div>\n\t\t\t\t<\/div>\n\t\t\t\t\t<\/div>\n\t\t\t\t<\/div>\n\t\t\t\t<\/div>\n\t\t\t\t<section class=\"elementor-section elementor-top-section elementor-element elementor-element-2066c6f elementor-hidden-tablet elementor-hidden-mobile elementor-section-boxed elementor-section-height-default elementor-section-height-default\" data-id=\"2066c6f\" data-element_type=\"section\" data-e-type=\"section\" data-settings=\"{&quot;background_background&quot;:&quot;classic&quot;}\">\n\t\t\t\t\t\t<div class=\"elementor-container elementor-column-gap-default\">\n\t\t\t\t\t<div class=\"elementor-column elementor-col-100 elementor-top-column elementor-element elementor-element-e7f7618\" data-id=\"e7f7618\" data-element_type=\"column\" data-e-type=\"column\">\n\t\t\t<div class=\"elementor-widget-wrap elementor-element-populated\">\n\t\t\t\t\t\t<div class=\"elementor-element elementor-element-227fa9c elementor-widget elementor-widget-heading\" data-id=\"227fa9c\" data-element_type=\"widget\" data-e-type=\"widget\" data-widget_type=\"heading.default\">\n\t\t\t\t<div class=\"elementor-widget-container\">\n\t\t\t\t\t<h2 class=\"elementor-heading-title elementor-size-default\">Nuestros servicios<\/h2>\t\t\t\t<\/div>\n\t\t\t\t<\/div>\n\t\t\t\t\t<\/div>\n\t\t<\/div>\n\t\t\t\t\t<\/div>\n\t\t<\/section>\n\t\t\t\t<section class=\"elementor-section elementor-top-section elementor-element elementor-element-da4f0f3 elementor-hidden-tablet elementor-hidden-mobile elementor-section-boxed elementor-section-height-default elementor-section-height-default\" data-id=\"da4f0f3\" data-element_type=\"section\" data-e-type=\"section\" data-settings=\"{&quot;background_background&quot;:&quot;classic&quot;}\">\n\t\t\t\t\t\t<div class=\"elementor-container elementor-column-gap-default\">\n\t\t\t\t\t<div class=\"elementor-column elementor-col-25 elementor-top-column elementor-element elementor-element-9619e4b\" data-id=\"9619e4b\" data-element_type=\"column\" data-e-type=\"column\" data-settings=\"{&quot;background_background&quot;:&quot;classic&quot;}\">\n\t\t\t<div class=\"elementor-widget-wrap elementor-element-populated\">\n\t\t\t\t\t\t<div class=\"elementor-element elementor-element-7c88fe6 elementor-widget elementor-widget-image-box\" data-id=\"7c88fe6\" data-element_type=\"widget\" data-e-type=\"widget\" data-widget_type=\"image-box.default\">\n\t\t\t\t<div class=\"elementor-widget-container\">\n\t\t\t\t\t<div class=\"elementor-image-box-wrapper\"><div class=\"elementor-image-box-content\"><h3 class=\"elementor-image-box-title\"><a href=\"#reparaciones\">Reparaciones<\/a><\/h3><p class=\"elementor-image-box-description\">Desde lunas rotas hasta sustituci\u00f3n de neum\u00e1ticos<\/p><\/div><\/div>\t\t\t\t<\/div>\n\t\t\t\t<\/div>\n\t\t\t\t\t<\/div>\n\t\t<\/div>\n\t\t\t\t<div class=\"elementor-column elementor-col-25 elementor-top-column elementor-element elementor-element-192071e\" data-id=\"192071e\" data-element_type=\"column\" data-e-type=\"column\" data-settings=\"{&quot;background_background&quot;:&quot;classic&quot;}\">\n\t\t\t<div class=\"elementor-widget-wrap elementor-element-populated\">\n\t\t\t\t\t\t<div class=\"elementor-element elementor-element-8f468bd elementor-widget elementor-widget-image-box\" data-id=\"8f468bd\" data-element_type=\"widget\" data-e-type=\"widget\" data-widget_type=\"image-box.default\">\n\t\t\t\t<div class=\"elementor-widget-container\">\n\t\t\t\t\t<div class=\"elementor-image-box-wrapper\"><div class=\"elementor-image-box-content\"><h3 class=\"elementor-image-box-title\"><a href=\"#mantenimiento\">Mantenimiento<\/a><\/h3><p class=\"elementor-image-box-description\">Para que tengas unas vacaciones seguras todos los a\u00f1os<\/p><\/div><\/div>\t\t\t\t<\/div>\n\t\t\t\t<\/div>\n\t\t\t\t\t<\/div>\n\t\t<\/div>\n\t\t\t\t<div class=\"elementor-column elementor-col-25 elementor-top-column elementor-element elementor-element-8886803\" data-id=\"8886803\" data-element_type=\"column\" data-e-type=\"column\" data-settings=\"{&quot;background_background&quot;:&quot;classic&quot;}\">\n\t\t\t<div class=\"elementor-widget-wrap elementor-element-populated\">\n\t\t\t\t\t\t<div class=\"elementor-element elementor-element-9946553 elementor-widget elementor-widget-image-box\" data-id=\"9946553\" data-element_type=\"widget\" data-e-type=\"widget\" data-widget_type=\"image-box.default\">\n\t\t\t\t<div class=\"elementor-widget-container\">\n\t\t\t\t\t<div class=\"elementor-image-box-wrapper\"><div class=\"elementor-image-box-content\"><h3 class=\"elementor-image-box-title\"><a href=\"#Limpieza\">Limpieza<\/a><\/h3><p class=\"elementor-image-box-description\">Empiece y termine sus vacaciones en la Costa Brava fresco y afrutado<\/p><\/div><\/div>\t\t\t\t<\/div>\n\t\t\t\t<\/div>\n\t\t\t\t\t<\/div>\n\t\t<\/div>\n\t\t\t\t<div class=\"elementor-column elementor-col-25 elementor-top-column elementor-element elementor-element-7b7d0ad\" data-id=\"7b7d0ad\" data-element_type=\"column\" data-e-type=\"column\" data-settings=\"{&quot;background_background&quot;:&quot;classic&quot;}\">\n\t\t\t<div class=\"elementor-widget-wrap elementor-element-populated\">\n\t\t\t\t\t\t<div class=\"elementor-element elementor-element-5f49ff7 elementor-widget elementor-widget-image-box\" data-id=\"5f49ff7\" data-element_type=\"widget\" data-e-type=\"widget\" data-widget_type=\"image-box.default\">\n\t\t\t\t<div class=\"elementor-widget-container\">\n\t\t\t\t\t<div class=\"elementor-image-box-wrapper\"><div class=\"elementor-image-box-content\"><h3 class=\"elementor-image-box-title\"><a href=\"#transporte\">Transporte<\/a><\/h3><p class=\"elementor-image-box-description\">Su caravana segura y r\u00e1pida de A a B y en el lugar correcto<\/p><\/div><\/div>\t\t\t\t<\/div>\n\t\t\t\t<\/div>\n\t\t\t\t\t<\/div>\n\t\t<\/div>\n\t\t\t\t\t<\/div>\n\t\t<\/section>\n\t\t\t\t<section class=\"elementor-section elementor-top-section elementor-element elementor-element-96b6a6d elementor-section-boxed elementor-section-height-default elementor-section-height-default\" data-id=\"96b6a6d\" data-element_type=\"section\" data-e-type=\"section\" id=\"reparaties\" data-settings=\"{&quot;background_background&quot;:&quot;classic&quot;}\">\n\t\t\t\t\t\t<div class=\"elementor-container elementor-column-gap-wider\">\n\t\t\t\t\t<div class=\"elementor-column elementor-col-50 elementor-top-column elementor-element elementor-element-6e73d1d\" data-id=\"6e73d1d\" data-element_type=\"column\" data-e-type=\"column\">\n\t\t\t<div class=\"elementor-widget-wrap elementor-element-populated\">\n\t\t\t\t\t\t<div class=\"elementor-element elementor-element-043fc3f elementor-widget elementor-widget-heading\" data-id=\"043fc3f\" data-element_type=\"widget\" data-e-type=\"widget\" data-widget_type=\"heading.default\">\n\t\t\t\t<div class=\"elementor-widget-container\">\n\t\t\t\t\t<h3 class=\"elementor-heading-title elementor-size-default\">Reparaci\u00f3n de caravanas<\/h3>\t\t\t\t<\/div>\n\t\t\t\t<\/div>\n\t\t\t\t<div class=\"elementor-element elementor-element-2e97928 elementor-widget elementor-widget-text-editor\" data-id=\"2e97928\" data-element_type=\"widget\" data-e-type=\"widget\" data-widget_type=\"text-editor.default\">\n\t\t\t\t<div class=\"elementor-widget-container\">\n\t\t\t\t\t\t\t\t\t<p><span style=\"font-weight: 400;\">\u00bfEst\u00e1 de vacaciones en la Costa Brava y tiene una aver\u00eda con su caravana? Entonces acuda a nosotros y le ayudaremos con diversas reparaciones para su caravana. Desde cambios de neum\u00e1ticos hasta revisiones de frenos; Adem\u00e1s, reparamos las rejillas de ventilaci\u00f3n del techo, las ventanas y el aire acondicionado de su caravana en un taller adecuado con mec\u00e1nicos experimentados. <\/span><\/p>\n<p><span style=\"font-weight: 400;\">Si se encuentra en la zona y tiene una aver\u00eda, puede consultar nuestra p\u00e1gina web o ponerse en c<span style=\"text-decoration: underline; color: #ffffff;\"><a style=\"color: #ffffff; text-decoration: underline;\" href=\"https:\/\/caravanstalling-spanje.com\/es\/contacto\/\">ontacto con nosotros<\/a><\/span>.<\/span><\/p>\n\t\t\t\t\t\t\t\t<\/div>\n\t\t\t\t<\/div>\n\t\t\t\t\t<\/div>\n\t\t<\/div>\n\t\t\t\t<div class=\"elementor-column elementor-col-50 elementor-top-column elementor-element elementor-element-6fd1808\" data-id=\"6fd1808\" data-element_type=\"column\" data-e-type=\"column\">\n\t\t\t<div class=\"elementor-widget-wrap elementor-element-populated\">\n\t\t\t\t\t\t<div class=\"elementor-element elementor-element-f3881d6 elementor-widget elementor-widget-image\" data-id=\"f3881d6\" data-element_type=\"widget\" data-e-type=\"widget\" data-widget_type=\"image.default\">\n\t\t\t\t<div class=\"elementor-widget-container\">\n\t\t\t\t\t\t\t\t\t\t\t\t\t\t\t<img fetchpriority=\"high\" decoding=\"async\" width=\"800\" height=\"600\" src=\"https:\/\/caravanstalling-spanje.com\/wp-content\/uploads\/2023\/04\/IMG_8444-1024x768.png\" class=\"attachment-large size-large wp-image-2029\" alt=\"\" srcset=\"https:\/\/caravanstalling-spanje.com\/wp-content\/uploads\/2023\/04\/IMG_8444-1024x768.png 1024w, https:\/\/caravanstalling-spanje.com\/wp-content\/uploads\/2023\/04\/IMG_8444-600x450.png 600w, https:\/\/caravanstalling-spanje.com\/wp-content\/uploads\/2023\/04\/IMG_8444-300x225.png 300w, https:\/\/caravanstalling-spanje.com\/wp-content\/uploads\/2023\/04\/IMG_8444-768x576.png 768w, https:\/\/caravanstalling-spanje.com\/wp-content\/uploads\/2023\/04\/IMG_8444-1536x1152.png 1536w, https:\/\/caravanstalling-spanje.com\/wp-content\/uploads\/2023\/04\/IMG_8444-2048x1536.png 2048w\" sizes=\"(max-width: 800px) 100vw, 800px\" \/>\t\t\t\t\t\t\t\t\t\t\t\t\t\t\t<\/div>\n\t\t\t\t<\/div>\n\t\t\t\t\t<\/div>\n\t\t<\/div>\n\t\t\t\t\t<\/div>\n\t\t<\/section>\n\t\t\t\t<section class=\"elementor-section elementor-top-section elementor-element elementor-element-61b82ee elementor-section-boxed elementor-section-height-default elementor-section-height-default\" data-id=\"61b82ee\" data-element_type=\"section\" data-e-type=\"section\" id=\"onderhoud\" data-settings=\"{&quot;background_background&quot;:&quot;classic&quot;}\">\n\t\t\t\t\t\t<div class=\"elementor-container elementor-column-gap-wider\">\n\t\t\t\t\t<div class=\"elementor-column elementor-col-50 elementor-top-column elementor-element elementor-element-b7c1a66 elementor-hidden-tablet elementor-hidden-mobile\" data-id=\"b7c1a66\" data-element_type=\"column\" data-e-type=\"column\">\n\t\t\t<div class=\"elementor-widget-wrap elementor-element-populated\">\n\t\t\t\t\t\t<div class=\"elementor-element elementor-element-521fc30 elementor-widget elementor-widget-image\" data-id=\"521fc30\" data-element_type=\"widget\" data-e-type=\"widget\" data-widget_type=\"image.default\">\n\t\t\t\t<div class=\"elementor-widget-container\">\n\t\t\t\t\t\t\t\t\t\t\t\t\t\t\t<img decoding=\"async\" width=\"1080\" height=\"565\" src=\"https:\/\/caravanstalling-spanje.com\/wp-content\/uploads\/2023\/03\/109425802_3444007278964750_4857664501285658064_n.jpg\" class=\"attachment-full size-full wp-image-1447\" alt=\"\" srcset=\"https:\/\/caravanstalling-spanje.com\/wp-content\/uploads\/2023\/03\/109425802_3444007278964750_4857664501285658064_n.jpg 1080w, https:\/\/caravanstalling-spanje.com\/wp-content\/uploads\/2023\/03\/109425802_3444007278964750_4857664501285658064_n-600x314.jpg 600w, https:\/\/caravanstalling-spanje.com\/wp-content\/uploads\/2023\/03\/109425802_3444007278964750_4857664501285658064_n-300x157.jpg 300w, https:\/\/caravanstalling-spanje.com\/wp-content\/uploads\/2023\/03\/109425802_3444007278964750_4857664501285658064_n-1024x536.jpg 1024w, https:\/\/caravanstalling-spanje.com\/wp-content\/uploads\/2023\/03\/109425802_3444007278964750_4857664501285658064_n-768x402.jpg 768w\" sizes=\"(max-width: 1080px) 100vw, 1080px\" \/>\t\t\t\t\t\t\t\t\t\t\t\t\t\t\t<\/div>\n\t\t\t\t<\/div>\n\t\t\t\t\t<\/div>\n\t\t<\/div>\n\t\t\t\t<div class=\"elementor-column elementor-col-50 elementor-top-column elementor-element elementor-element-fe65e43\" data-id=\"fe65e43\" data-element_type=\"column\" data-e-type=\"column\">\n\t\t\t<div class=\"elementor-widget-wrap elementor-element-populated\">\n\t\t\t\t\t\t<div class=\"elementor-element elementor-element-4ab351c elementor-widget elementor-widget-heading\" data-id=\"4ab351c\" data-element_type=\"widget\" data-e-type=\"widget\" data-widget_type=\"heading.default\">\n\t\t\t\t<div class=\"elementor-widget-container\">\n\t\t\t\t\t<h3 class=\"elementor-heading-title elementor-size-default\">Mantenimiento de caravanas<\/h3>\t\t\t\t<\/div>\n\t\t\t\t<\/div>\n\t\t\t\t<div class=\"elementor-element elementor-element-a6d6b62 elementor-widget elementor-widget-text-editor\" data-id=\"a6d6b62\" data-element_type=\"widget\" data-e-type=\"widget\" data-widget_type=\"text-editor.default\">\n\t\t\t\t<div class=\"elementor-widget-container\">\n\t\t\t\t\t\t\t\t\t<p><span style=\"font-weight: 400;\">Si vive en la Costa Brava y tiene una caravana o va de vacaciones a la Costa Brava, no se arriesgue y tr\u00e1iganos su caravana para que la revisemos. Hacemos una comprobaci\u00f3n para asegurarnos de que todo sigue bien. Comprobamos si los neum\u00e1ticos siguen en buen estado, si el sistema el\u00e9ctrico tambi\u00e9n lo est\u00e1, etc. <\/span><\/p>\n<p><span style=\"font-weight: 400;\">No lo dude y haga revisar su caravana con nosotros para estar seguro, \u00a1as\u00ed podr\u00e1 viajar seguro con su caravana por la Costa Brava!<\/span><\/p>\n\t\t\t\t\t\t\t\t<\/div>\n\t\t\t\t<\/div>\n\t\t\t\t<div class=\"elementor-element elementor-element-270042b elementor-hidden-desktop elementor-widget elementor-widget-image\" data-id=\"270042b\" data-element_type=\"widget\" data-e-type=\"widget\" data-widget_type=\"image.default\">\n\t\t\t\t<div class=\"elementor-widget-container\">\n\t\t\t\t\t\t\t\t\t\t\t\t\t\t\t<img decoding=\"async\" width=\"800\" height=\"419\" src=\"https:\/\/caravanstalling-spanje.com\/wp-content\/uploads\/2023\/03\/109425802_3444007278964750_4857664501285658064_n-1024x536.jpg\" class=\"attachment-large size-large wp-image-1447\" alt=\"\" srcset=\"https:\/\/caravanstalling-spanje.com\/wp-content\/uploads\/2023\/03\/109425802_3444007278964750_4857664501285658064_n-1024x536.jpg 1024w, https:\/\/caravanstalling-spanje.com\/wp-content\/uploads\/2023\/03\/109425802_3444007278964750_4857664501285658064_n-600x314.jpg 600w, https:\/\/caravanstalling-spanje.com\/wp-content\/uploads\/2023\/03\/109425802_3444007278964750_4857664501285658064_n-300x157.jpg 300w, https:\/\/caravanstalling-spanje.com\/wp-content\/uploads\/2023\/03\/109425802_3444007278964750_4857664501285658064_n-768x402.jpg 768w, https:\/\/caravanstalling-spanje.com\/wp-content\/uploads\/2023\/03\/109425802_3444007278964750_4857664501285658064_n.jpg 1080w\" sizes=\"(max-width: 800px) 100vw, 800px\" \/>\t\t\t\t\t\t\t\t\t\t\t\t\t\t\t<\/div>\n\t\t\t\t<\/div>\n\t\t\t\t\t<\/div>\n\t\t<\/div>\n\t\t\t\t\t<\/div>\n\t\t<\/section>\n\t\t\t\t<section class=\"elementor-section elementor-top-section elementor-element elementor-element-b788df2 elementor-section-boxed elementor-section-height-default elementor-section-height-default\" data-id=\"b788df2\" data-element_type=\"section\" data-e-type=\"section\" id=\"schoonmaak\" data-settings=\"{&quot;background_background&quot;:&quot;classic&quot;}\">\n\t\t\t\t\t\t<div class=\"elementor-container elementor-column-gap-wider\">\n\t\t\t\t\t<div class=\"elementor-column elementor-col-50 elementor-top-column elementor-element elementor-element-b50e9d0\" data-id=\"b50e9d0\" data-element_type=\"column\" data-e-type=\"column\">\n\t\t\t<div class=\"elementor-widget-wrap elementor-element-populated\">\n\t\t\t\t\t\t<div class=\"elementor-element elementor-element-8ce5e11 elementor-widget elementor-widget-heading\" data-id=\"8ce5e11\" data-element_type=\"widget\" data-e-type=\"widget\" data-widget_type=\"heading.default\">\n\t\t\t\t<div class=\"elementor-widget-container\">\n\t\t\t\t\t<h3 class=\"elementor-heading-title elementor-size-default\">Limpieza de caravanas<\/h3>\t\t\t\t<\/div>\n\t\t\t\t<\/div>\n\t\t\t\t<div class=\"elementor-element elementor-element-062c567 elementor-widget elementor-widget-text-editor\" data-id=\"062c567\" data-element_type=\"widget\" data-e-type=\"widget\" data-widget_type=\"text-editor.default\">\n\t\t\t\t<div class=\"elementor-widget-container\">\n\t\t\t\t\t\t\t\t\t<p><span style=\"font-weight: 400;\">La higiene de su caravana es muy importante. \u00bfEst\u00e1 de vacaciones en la Costa Brava o va a ir all\u00ed? Vis\u00edtenos y le haremos una buena limpieza a su caravana; Ofrecemos varios giros en el exterior y el interior de su caravana. <\/span><\/p>\n<p><span style=\"font-weight: 400;\">Consulte nuestro sitio web para conocer las distintas recomendaciones o p\u00f3ngase en c<span style=\"text-decoration: underline; color: #ffffff;\"><a style=\"color: #ffffff; text-decoration: underline;\" href=\"https:\/\/caravanstalling-spanje.com\/es\/contacto\/\">ontacto con nosotros.<\/a><\/span> <\/span><\/p>\n\t\t\t\t\t\t\t\t<\/div>\n\t\t\t\t<\/div>\n\t\t\t\t\t<\/div>\n\t\t<\/div>\n\t\t\t\t<div class=\"elementor-column elementor-col-50 elementor-top-column elementor-element elementor-element-70a18fd\" data-id=\"70a18fd\" data-element_type=\"column\" data-e-type=\"column\">\n\t\t\t<div class=\"elementor-widget-wrap elementor-element-populated\">\n\t\t\t\t\t\t<div class=\"elementor-element elementor-element-08ddc4c elementor-widget elementor-widget-image\" data-id=\"08ddc4c\" data-element_type=\"widget\" data-e-type=\"widget\" data-widget_type=\"image.default\">\n\t\t\t\t<div class=\"elementor-widget-container\">\n\t\t\t\t\t\t\t\t\t\t\t\t\t\t\t<img loading=\"lazy\" decoding=\"async\" width=\"800\" height=\"534\" src=\"https:\/\/caravanstalling-spanje.com\/wp-content\/uploads\/2023\/04\/AdobeStock_293894012-1024x683.jpeg\" class=\"attachment-large size-large wp-image-1531\" alt=\"\" srcset=\"https:\/\/caravanstalling-spanje.com\/wp-content\/uploads\/2023\/04\/AdobeStock_293894012-1024x683.jpeg 1024w, https:\/\/caravanstalling-spanje.com\/wp-content\/uploads\/2023\/04\/AdobeStock_293894012-scaled-600x400.jpeg 600w, https:\/\/caravanstalling-spanje.com\/wp-content\/uploads\/2023\/04\/AdobeStock_293894012-300x200.jpeg 300w, https:\/\/caravanstalling-spanje.com\/wp-content\/uploads\/2023\/04\/AdobeStock_293894012-768x512.jpeg 768w, https:\/\/caravanstalling-spanje.com\/wp-content\/uploads\/2023\/04\/AdobeStock_293894012-1536x1024.jpeg 1536w, https:\/\/caravanstalling-spanje.com\/wp-content\/uploads\/2023\/04\/AdobeStock_293894012-2048x1365.jpeg 2048w\" sizes=\"(max-width: 800px) 100vw, 800px\" \/>\t\t\t\t\t\t\t\t\t\t\t\t\t\t\t<\/div>\n\t\t\t\t<\/div>\n\t\t\t\t\t<\/div>\n\t\t<\/div>\n\t\t\t\t\t<\/div>\n\t\t<\/section>\n\t\t\t\t<section class=\"elementor-section elementor-top-section elementor-element elementor-element-b64606e elementor-section-boxed elementor-section-height-default elementor-section-height-default\" data-id=\"b64606e\" data-element_type=\"section\" data-e-type=\"section\" id=\"transport\" data-settings=\"{&quot;background_background&quot;:&quot;classic&quot;}\">\n\t\t\t\t\t\t<div class=\"elementor-container elementor-column-gap-wider\">\n\t\t\t\t\t<div class=\"elementor-column elementor-col-50 elementor-top-column elementor-element elementor-element-ce73869 elementor-hidden-tablet elementor-hidden-mobile\" data-id=\"ce73869\" data-element_type=\"column\" data-e-type=\"column\">\n\t\t\t<div class=\"elementor-widget-wrap elementor-element-populated\">\n\t\t\t\t\t\t<div class=\"elementor-element elementor-element-5e2bb84 elementor-widget elementor-widget-image\" data-id=\"5e2bb84\" data-element_type=\"widget\" data-e-type=\"widget\" data-widget_type=\"image.default\">\n\t\t\t\t<div class=\"elementor-widget-container\">\n\t\t\t\t\t\t\t\t\t\t\t\t\t\t\t<img loading=\"lazy\" decoding=\"async\" width=\"800\" height=\"600\" src=\"https:\/\/caravanstalling-spanje.com\/wp-content\/uploads\/2023\/03\/19702870_896597593812250_4797616718892581298_o-1024x768.jpg\" class=\"attachment-large size-large wp-image-1463\" alt=\"\" srcset=\"https:\/\/caravanstalling-spanje.com\/wp-content\/uploads\/2023\/03\/19702870_896597593812250_4797616718892581298_o-1024x768.jpg 1024w, https:\/\/caravanstalling-spanje.com\/wp-content\/uploads\/2023\/03\/19702870_896597593812250_4797616718892581298_o-600x450.jpg 600w, https:\/\/caravanstalling-spanje.com\/wp-content\/uploads\/2023\/03\/19702870_896597593812250_4797616718892581298_o-300x225.jpg 300w, https:\/\/caravanstalling-spanje.com\/wp-content\/uploads\/2023\/03\/19702870_896597593812250_4797616718892581298_o-768x576.jpg 768w, https:\/\/caravanstalling-spanje.com\/wp-content\/uploads\/2023\/03\/19702870_896597593812250_4797616718892581298_o-1536x1152.jpg 1536w, https:\/\/caravanstalling-spanje.com\/wp-content\/uploads\/2023\/03\/19702870_896597593812250_4797616718892581298_o.jpg 1600w\" sizes=\"(max-width: 800px) 100vw, 800px\" \/>\t\t\t\t\t\t\t\t\t\t\t\t\t\t\t<\/div>\n\t\t\t\t<\/div>\n\t\t\t\t\t<\/div>\n\t\t<\/div>\n\t\t\t\t<div class=\"elementor-column elementor-col-50 elementor-top-column elementor-element elementor-element-04ee732\" data-id=\"04ee732\" data-element_type=\"column\" data-e-type=\"column\">\n\t\t\t<div class=\"elementor-widget-wrap elementor-element-populated\">\n\t\t\t\t\t\t<div class=\"elementor-element elementor-element-5610281 elementor-widget elementor-widget-heading\" data-id=\"5610281\" data-element_type=\"widget\" data-e-type=\"widget\" data-widget_type=\"heading.default\">\n\t\t\t\t<div class=\"elementor-widget-container\">\n\t\t\t\t\t<h3 class=\"elementor-heading-title elementor-size-default\">Transporte<\/h3>\t\t\t\t<\/div>\n\t\t\t\t<\/div>\n\t\t\t\t<div class=\"elementor-element elementor-element-5c99aa1 elementor-widget elementor-widget-text-editor\" data-id=\"5c99aa1\" data-element_type=\"widget\" data-e-type=\"widget\" data-widget_type=\"text-editor.default\">\n\t\t\t\t<div class=\"elementor-widget-container\">\n\t\t\t\t\t\t\t\t\t<p><span style=\"font-weight: 400;\">\u00bfVa de vacaciones a la Costa Brava? Estaremos encantados de ayudarle a llevar su caravana con seguridad de a a b. Ofrecemos un servicio de transporte en el que entregamos su caravana en el camping donde se aloje el d\u00eda y hora acordados. Durante el transporte, su caravana est\u00e1 asegurada con nosotros. <\/span><\/p>\n<p><span style=\"font-weight: 400;\">Consulte las posibilidades en nuestro sitio web o <span style=\"text-decoration: underline; color: #ffffff;\"><a style=\"color: #ffffff; text-decoration: underline;\" href=\"https:\/\/caravanstalling-spanje.com\/es\/contacto\/\">p\u00f3ngase en contacto con nosotros<\/a><\/span><\/span><span style=\"font-weight: 400;\">. <\/span> <\/p>\n\t\t\t\t\t\t\t\t<\/div>\n\t\t\t\t<\/div>\n\t\t\t\t<div class=\"elementor-element elementor-element-12f5919 elementor-hidden-desktop elementor-widget elementor-widget-image\" data-id=\"12f5919\" data-element_type=\"widget\" data-e-type=\"widget\" data-widget_type=\"image.default\">\n\t\t\t\t<div class=\"elementor-widget-container\">\n\t\t\t\t\t\t\t\t\t\t\t\t\t\t\t<img loading=\"lazy\" decoding=\"async\" width=\"800\" height=\"600\" src=\"https:\/\/caravanstalling-spanje.com\/wp-content\/uploads\/2023\/03\/19702870_896597593812250_4797616718892581298_o-1024x768.jpg\" class=\"attachment-large size-large wp-image-1463\" alt=\"\" srcset=\"https:\/\/caravanstalling-spanje.com\/wp-content\/uploads\/2023\/03\/19702870_896597593812250_4797616718892581298_o-1024x768.jpg 1024w, https:\/\/caravanstalling-spanje.com\/wp-content\/uploads\/2023\/03\/19702870_896597593812250_4797616718892581298_o-600x450.jpg 600w, https:\/\/caravanstalling-spanje.com\/wp-content\/uploads\/2023\/03\/19702870_896597593812250_4797616718892581298_o-300x225.jpg 300w, https:\/\/caravanstalling-spanje.com\/wp-content\/uploads\/2023\/03\/19702870_896597593812250_4797616718892581298_o-768x576.jpg 768w, https:\/\/caravanstalling-spanje.com\/wp-content\/uploads\/2023\/03\/19702870_896597593812250_4797616718892581298_o-1536x1152.jpg 1536w, https:\/\/caravanstalling-spanje.com\/wp-content\/uploads\/2023\/03\/19702870_896597593812250_4797616718892581298_o.jpg 1600w\" sizes=\"(max-width: 800px) 100vw, 800px\" \/>\t\t\t\t\t\t\t\t\t\t\t\t\t\t\t<\/div>\n\t\t\t\t<\/div>\n\t\t\t\t\t<\/div>\n\t\t<\/div>\n\t\t\t\t\t<\/div>\n\t\t<\/section>\n\t\t\t\t<\/div>\n\t\t","protected":false},"excerpt":{"rendered":"<p>Diensten Nuestros servicios Reparaciones Desde lunas rotas hasta sustituci\u00f3n de neum\u00e1ticos Mantenimiento Para que tengas unas vacaciones seguras todos los a\u00f1os Limpieza Empiece y termine sus vacaciones en la Costa Brava fresco y afrutado Transporte Su caravana segura y r\u00e1pida de A a B y en el lugar correcto Reparaci\u00f3n de caravanas \u00bfEst\u00e1 de vacaciones [&hellip;]<\/p>\n","protected":false},"author":2,"featured_media":0,"parent":0,"menu_order":0,"comment_status":"closed","ping_status":"closed","template":"","meta":{"_acf_changed":false,"footnotes":""},"class_list":["post-1772","page","type-page","status-publish","hentry"],"acf":[],"_links":{"self":[{"href":"https:\/\/caravanstalling-spanje.com\/es\/wp-json\/wp\/v2\/pages\/1772","targetHints":{"allow":["GET"]}}],"collection":[{"href":"https:\/\/caravanstalling-spanje.com\/es\/wp-json\/wp\/v2\/pages"}],"about":[{"href":"https:\/\/caravanstalling-spanje.com\/es\/wp-json\/wp\/v2\/types\/page"}],"author":[{"embeddable":true,"href":"https:\/\/caravanstalling-spanje.com\/es\/wp-json\/wp\/v2\/users\/2"}],"replies":[{"embeddable":true,"href":"https:\/\/caravanstalling-spanje.com\/es\/wp-json\/wp\/v2\/comments?post=1772"}],"version-history":[{"count":0,"href":"https:\/\/caravanstalling-spanje.com\/es\/wp-json\/wp\/v2\/pages\/1772\/revisions"}],"wp:attachment":[{"href":"https:\/\/caravanstalling-spanje.com\/es\/wp-json\/wp\/v2\/media?parent=1772"}],"curies":[{"name":"wp","href":"https:\/\/api.w.org\/{rel}","templated":true}]}}