{"id":1764,"date":"2023-03-31T09:33:30","date_gmt":"2023-03-31T08:33:30","guid":{"rendered":"https:\/\/caravanstalling-spanje.com\/caravanrepair\/"},"modified":"2024-03-27T14:19:52","modified_gmt":"2024-03-27T13:19:52","slug":"caravanrepair","status":"publish","type":"page","link":"https:\/\/caravanstalling-spanje.com\/es\/caravanrepair\/","title":{"rendered":"CaravanRepair\u00ae"},"content":{"rendered":"\t\t<div data-elementor-type=\"wp-page\" data-elementor-id=\"1764\" class=\"elementor elementor-1764 elementor-1053\" data-elementor-post-type=\"page\">\n\t\t\t\t<div class=\"elementor-element elementor-element-5439ada e-con-full e-flex e-con e-parent\" data-id=\"5439ada\" data-element_type=\"container\" data-e-type=\"container\">\n\t\t<div class=\"elementor-element elementor-element-2a89a5e e-flex e-con-boxed e-con e-child\" data-id=\"2a89a5e\" data-element_type=\"container\" data-e-type=\"container\" data-settings=\"{&quot;background_background&quot;:&quot;classic&quot;}\">\n\t\t\t\t\t<div class=\"e-con-inner\">\n\t\t<div class=\"elementor-element elementor-element-867a99f e-flex e-con-boxed e-con e-child\" data-id=\"867a99f\" data-element_type=\"container\" data-e-type=\"container\">\n\t\t\t\t\t<div class=\"e-con-inner\">\n\t\t\t\t<div class=\"elementor-element elementor-element-6eed818 elementor-widget elementor-widget-heading\" data-id=\"6eed818\" data-element_type=\"widget\" data-e-type=\"widget\" data-widget_type=\"heading.default\">\n\t\t\t\t<div class=\"elementor-widget-container\">\n\t\t\t\t\t<h1 class=\"elementor-heading-title elementor-size-default\">CaravanRepair\u00ae<\/h1>\t\t\t\t<\/div>\n\t\t\t\t<\/div>\n\t\t\t\t<div class=\"elementor-element elementor-element-c125d05 elementor-widget elementor-widget-shortcode\" data-id=\"c125d05\" data-element_type=\"widget\" data-e-type=\"widget\" data-widget_type=\"shortcode.default\">\n\t\t\t\t<div class=\"elementor-widget-container\">\n\t\t\t\t\t\t\t<div class=\"elementor-shortcode\"><nav aria-label=\"breadcrumbs\" class=\"rank-math-breadcrumb\"><p><span class=\"last\">Home<\/span><\/p><\/nav><\/div>\n\t\t\t\t\t\t<\/div>\n\t\t\t\t<\/div>\n\t\t\t\t\t<\/div>\n\t\t\t\t<\/div>\n\t\t\t\t\t<\/div>\n\t\t\t\t<\/div>\n\t\t\t\t<\/div>\n\t\t\t\t<section class=\"elementor-section elementor-top-section elementor-element elementor-element-4bc064a elementor-section-boxed elementor-section-height-default elementor-section-height-default\" data-id=\"4bc064a\" data-element_type=\"section\" data-e-type=\"section\" data-settings=\"{&quot;background_background&quot;:&quot;classic&quot;}\">\n\t\t\t\t\t\t<div class=\"elementor-container elementor-column-gap-wider\">\n\t\t\t\t\t<div class=\"elementor-column elementor-col-50 elementor-top-column elementor-element elementor-element-9672418\" data-id=\"9672418\" data-element_type=\"column\" data-e-type=\"column\">\n\t\t\t<div class=\"elementor-widget-wrap elementor-element-populated\">\n\t\t\t\t\t\t<div class=\"elementor-element elementor-element-6297337 elementor-widget elementor-widget-heading\" data-id=\"6297337\" data-element_type=\"widget\" data-e-type=\"widget\" data-widget_type=\"heading.default\">\n\t\t\t\t<div class=\"elementor-widget-container\">\n\t\t\t\t\t<h3 class=\"elementor-heading-title elementor-size-default\">\u00bfQu\u00e9 es CaravanRepair\u00ae?\n<\/h3>\t\t\t\t<\/div>\n\t\t\t\t<\/div>\n\t\t\t\t<div class=\"elementor-element elementor-element-24412ba elementor-widget elementor-widget-text-editor\" data-id=\"24412ba\" data-element_type=\"widget\" data-e-type=\"widget\" data-widget_type=\"text-editor.default\">\n\t\t\t\t<div class=\"elementor-widget-container\">\n\t\t\t\t\t\t\t\t\t<div class=\"et_pb_module et_pb_text et_pb_text_1 et_pb_text_align_left et_pb_bg_layout_light\">\n<div class=\"et_pb_text_inner\">\n<div class=\"et_pb_module et_pb_text et_pb_text_10 et_pb_text_align_left et_pb_bg_layout_light\">\n<div class=\"et_pb_text_inner\">\n<p>CaravanRepair\u00ae es una cadena europea de especialistas en aver\u00edas de caravanas y autocaravanas que no realiza reparaciones en casas m\u00f3viles ni chal\u00e9s. Entendemos que los da\u00f1os en su caravana o autocaravana son siempre inesperados y pueden ocurrirle a cualquiera. Afortunadamente, CaravanRepair Group opera en varios pa\u00edses y contamos con una red nacional de especialistas en los Pa\u00edses Bajos que pueden reparar sus da\u00f1os de forma profesional y experta; Con a\u00f1os de experiencia en reparaciones de caravanas y autocaravanas, nuestros especialistas de CaravanRepair\u00ae est\u00e1n bien formados y han realizado muchos tipos de reparaciones.<\/p>\n<p>En CaravanRepair\u00ae, estaremos encantados de quitarle de encima todas las preocupaciones adicionales asociadas a los da\u00f1os en caravanas o autocaravanas. Garantizamos una liquidaci\u00f3n r\u00e1pida y adecuada con su aseguradora, y nuestro sistema est\u00e1 reconocido por todas las aseguradoras. Entendemos que los da\u00f1os en caravanas o autocaravanas ya son bastante molestos y queremos que este proceso sea lo m\u00e1s sencillo posible para usted.<\/p>\n<\/div>\n<\/div>\n<\/div>\n<\/div>\n\t\t\t\t\t\t\t\t<\/div>\n\t\t\t\t<\/div>\n\t\t\t\t<div class=\"elementor-element elementor-element-dd5f903 elementor-widget elementor-widget-heading\" data-id=\"dd5f903\" data-element_type=\"widget\" data-e-type=\"widget\" data-widget_type=\"heading.default\">\n\t\t\t\t<div class=\"elementor-widget-container\">\n\t\t\t\t\t<h3 class=\"elementor-heading-title elementor-size-default\">Reparaci\u00f3n profesional de da\u00f1os en caravanas<\/h3>\t\t\t\t<\/div>\n\t\t\t\t<\/div>\n\t\t\t\t<div class=\"elementor-element elementor-element-18907e4 elementor-widget elementor-widget-text-editor\" data-id=\"18907e4\" data-element_type=\"widget\" data-e-type=\"widget\" data-widget_type=\"text-editor.default\">\n\t\t\t\t<div class=\"elementor-widget-container\">\n\t\t\t\t\t\t\t\t\t<p>Gracias a nuestro sistema de reparaci\u00f3n patentado, podemos reparar de forma invisible todas las paredes perfiladas de caravanas y autocaravanas. Ya se trate de una peque\u00f1a abolladura, da\u00f1os por granizo, grietas, da\u00f1os por humedad o una abolladura por ara\u00f1azo, podemos repararla de forma r\u00e1pida, profesional e invisible. Adem\u00e1s, CaravanRepair\u00ae ofrece una garant\u00eda de por vida en todas las reparaciones de paredes de caravanas que realizamos. *<\/p>\n\t\t\t\t\t\t\t\t<\/div>\n\t\t\t\t<\/div>\n\t\t\t\t\t<\/div>\n\t\t<\/div>\n\t\t\t\t<div class=\"elementor-column elementor-col-50 elementor-top-column elementor-element elementor-element-4e776a1\" data-id=\"4e776a1\" data-element_type=\"column\" data-e-type=\"column\">\n\t\t\t<div class=\"elementor-widget-wrap elementor-element-populated\">\n\t\t\t\t\t\t<div class=\"elementor-element elementor-element-6c32c3c elementor-widget elementor-widget-heading\" data-id=\"6c32c3c\" data-element_type=\"widget\" data-e-type=\"widget\" data-widget_type=\"heading.default\">\n\t\t\t\t<div class=\"elementor-widget-container\">\n\t\t\t\t\t<h3 class=\"elementor-heading-title elementor-size-default\">\u00bfC\u00f3mo funciona CaravanRepair\u00ae?\n<\/h3>\t\t\t\t<\/div>\n\t\t\t\t<\/div>\n\t\t\t\t<div class=\"elementor-element elementor-element-c06098d elementor-widget elementor-widget-text-editor\" data-id=\"c06098d\" data-element_type=\"widget\" data-e-type=\"widget\" data-widget_type=\"text-editor.default\">\n\t\t\t\t<div class=\"elementor-widget-container\">\n\t\t\t\t\t\t\t\t\t<p>Explicar en pocas palabras c\u00f3mo funciona CaravanRepair\u00ae es bastante dif\u00edcil, por eso nos permitieron publicar este claro v\u00eddeo de demostraci\u00f3n. Si quieres saber m\u00e1s sobre CaravanRepair\u00ae, haz clic en play o ve directamente a <span style=\"text-decoration: underline; color: #02335a;\"><a style=\"color: #02335a; text-decoration: underline;\" href=\"https:\/\/caravanstalling-spanje.com\/es\/contacto\/\">contacta<\/a><\/span> con nosotros.<\/p>\n\t\t\t\t\t\t\t\t<\/div>\n\t\t\t\t<\/div>\n\t\t\t\t<div class=\"elementor-element elementor-element-8270e06 elementor-widget elementor-widget-video\" data-id=\"8270e06\" data-element_type=\"widget\" data-e-type=\"widget\" data-settings=\"{&quot;youtube_url&quot;:&quot;https:\\\/\\\/www.youtube.com\\\/watch?v=M316vdKsv1Y&quot;,&quot;video_type&quot;:&quot;youtube&quot;,&quot;controls&quot;:&quot;yes&quot;}\" data-widget_type=\"video.default\">\n\t\t\t\t<div class=\"elementor-widget-container\">\n\t\t\t\t\t\t\t<div class=\"elementor-wrapper elementor-open-inline\">\n\t\t\t<div class=\"elementor-video\"><\/div>\t\t<\/div>\n\t\t\t\t\t\t<\/div>\n\t\t\t\t<\/div>\n\t\t\t\t\t<\/div>\n\t\t<\/div>\n\t\t\t\t\t<\/div>\n\t\t<\/section>\n\t\t<div class=\"elementor-element elementor-element-8bb29a6 e-flex e-con-boxed e-con e-parent\" data-id=\"8bb29a6\" data-element_type=\"container\" data-e-type=\"container\" data-settings=\"{&quot;background_background&quot;:&quot;classic&quot;}\">\n\t\t\t\t\t<div class=\"e-con-inner\">\n\t\t<div class=\"elementor-element elementor-element-71918e7 e-con-full e-flex e-con e-child\" data-id=\"71918e7\" data-element_type=\"container\" data-e-type=\"container\">\n\t\t\t\t<div class=\"elementor-element elementor-element-d45bf85 elementor-widget elementor-widget-heading\" data-id=\"d45bf85\" data-element_type=\"widget\" data-e-type=\"widget\" data-widget_type=\"heading.default\">\n\t\t\t\t<div class=\"elementor-widget-container\">\n\t\t\t\t\t<h2 class=\"elementor-heading-title elementor-size-default\">\u00bfC\u00f3mo programo una reparaci\u00f3n?<\/h2>\t\t\t\t<\/div>\n\t\t\t\t<\/div>\n\t\t\t\t<div class=\"elementor-element elementor-element-8de2785 elementor-widget__width-initial elementor-widget elementor-widget-text-editor\" data-id=\"8de2785\" data-element_type=\"widget\" data-e-type=\"widget\" data-widget_type=\"text-editor.default\">\n\t\t\t\t<div class=\"elementor-widget-container\">\n\t\t\t\t\t\t\t\t\t<div class=\"et_pb_module et_pb_text et_pb_text_1 et_pb_text_align_left et_pb_bg_layout_light\">\n<div class=\"et_pb_text_inner\">\n<p>Hay varias formas de programar una reparaci\u00f3n. Puede ponerse en contacto con nosotros, que es la forma m\u00e1s f\u00e1cil. Si desea dar alg\u00fan paso m\u00e1s de inmediato, tambi\u00e9n puede rellenar el formulario de reclamaci\u00f3n de CaravanRepair\u00ae a trav\u00e9s del bot\u00f3n que aparece a continuaci\u00f3n.<\/p>\n<\/div>\n<\/div>\n\t\t\t\t\t\t\t\t<\/div>\n\t\t\t\t<\/div>\n\t\t\t\t<div class=\"elementor-element elementor-element-347312d elementor-align-center elementor-widget elementor-widget-button\" data-id=\"347312d\" data-element_type=\"widget\" data-e-type=\"widget\" data-widget_type=\"button.default\">\n\t\t\t\t<div class=\"elementor-widget-container\">\n\t\t\t\t\t\t\t\t\t<div class=\"elementor-button-wrapper\">\n\t\t\t\t\t<a class=\"elementor-button elementor-button-link elementor-size-sm\" href=\"https:\/\/caravanrepair.eu\/schadeformulier\/\" target=\"_blank\" rel=\"noopener\">\n\t\t\t\t\t\t<span class=\"elementor-button-content-wrapper\">\n\t\t\t\t\t\t\t\t\t<span class=\"elementor-button-text\">Planes de reparaci\u00f3n<\/span>\n\t\t\t\t\t<\/span>\n\t\t\t\t\t<\/a>\n\t\t\t\t<\/div>\n\t\t\t\t\t\t\t\t<\/div>\n\t\t\t\t<\/div>\n\t\t\t\t<\/div>\n\t\t\t\t\t<\/div>\n\t\t\t\t<\/div>\n\t\t\t\t<\/div>\n\t\t","protected":false},"excerpt":{"rendered":"<p>CaravanRepair\u00ae \u00bfQu\u00e9 es CaravanRepair\u00ae? CaravanRepair\u00ae es una cadena europea de especialistas en aver\u00edas de caravanas y autocaravanas que no realiza reparaciones en casas m\u00f3viles ni chal\u00e9s. Entendemos que los da\u00f1os en su caravana o autocaravana son siempre inesperados y pueden ocurrirle a cualquiera. Afortunadamente, CaravanRepair Group opera en varios pa\u00edses y contamos con una red [&hellip;]<\/p>\n","protected":false},"author":2,"featured_media":0,"parent":0,"menu_order":0,"comment_status":"closed","ping_status":"closed","template":"","meta":{"_acf_changed":false,"footnotes":""},"class_list":["post-1764","page","type-page","status-publish","hentry"],"acf":[],"_links":{"self":[{"href":"https:\/\/caravanstalling-spanje.com\/es\/wp-json\/wp\/v2\/pages\/1764","targetHints":{"allow":["GET"]}}],"collection":[{"href":"https:\/\/caravanstalling-spanje.com\/es\/wp-json\/wp\/v2\/pages"}],"about":[{"href":"https:\/\/caravanstalling-spanje.com\/es\/wp-json\/wp\/v2\/types\/page"}],"author":[{"embeddable":true,"href":"https:\/\/caravanstalling-spanje.com\/es\/wp-json\/wp\/v2\/users\/2"}],"replies":[{"embeddable":true,"href":"https:\/\/caravanstalling-spanje.com\/es\/wp-json\/wp\/v2\/comments?post=1764"}],"version-history":[{"count":0,"href":"https:\/\/caravanstalling-spanje.com\/es\/wp-json\/wp\/v2\/pages\/1764\/revisions"}],"wp:attachment":[{"href":"https:\/\/caravanstalling-spanje.com\/es\/wp-json\/wp\/v2\/media?parent=1764"}],"curies":[{"name":"wp","href":"https:\/\/api.w.org\/{rel}","templated":true}]}}